{"id":1353,"date":"2025-10-09T17:02:05","date_gmt":"2025-10-09T17:02:05","guid":{"rendered":"https:\/\/atomybeautifulcentre.be\/politique-de-confidentialite\/"},"modified":"2025-10-20T13:55:45","modified_gmt":"2025-10-20T13:55:45","slug":"politique-de-confidentialite","status":"publish","type":"page","link":"https:\/\/atomybeautifulcentre.be\/fr\/politique-de-confidentialite\/","title":{"rendered":"Politique de confidentialit\u00e9"},"content":{"rendered":"\t\t<div data-elementor-type=\"wp-page\" data-elementor-id=\"1353\" class=\"elementor elementor-1353 elementor-1345\" data-elementor-post-type=\"page\">\n\t\t\t\t<div class=\"elementor-element elementor-element-3552a87 e-flex e-con-boxed e-con e-parent\" data-id=\"3552a87\" data-element_type=\"container\">\n\t\t\t\t\t<div class=\"e-con-inner\">\n\t\t\t\t<div class=\"elementor-element elementor-element-db8f1fa elementor-widget elementor-widget-text-editor\" data-id=\"db8f1fa\" data-element_type=\"widget\" data-widget_type=\"text-editor.default\">\n\t\t\t\t\t\t\t\t\t<p data-start=\"369\" data-end=\"560\"><strong data-start=\"369\" data-end=\"388\">Date d&rsquo;entr\u00e9e en vigueur <\/strong>: 10\/10\/2025<br data-start=\"402\" data-end=\"405\"><strong data-start=\"405\" data-end=\"417\">Site web<\/strong> : <a class=\"decorated-link\" href=\"https:\/\/atomybeautifulcentre.be\/fr\/\" target=\"_new\" rel=\"noopener\" data-start=\"418\" data-end=\"484\">https:\/\/atomybeautifulcentre.be<\/a><br data-start=\"484\" data-end=\"487\"><strong data-start=\"487\" data-end=\"506\">Propri\u00e9taire <\/strong>: Arjoyce Dumortier<br data-start=\"524\" data-end=\"527\"><strong data-start=\"527\" data-end=\"540\">Lieu <\/strong>: Overijse, Belgique<br><strong>Num\u00e9ro d&rsquo;immatriculation :<\/strong> BE0772962514<\/p><h3 data-start=\"567\" data-end=\"590\"><strong data-start=\"571\" data-end=\"590\">1. Introduction<\/strong><\/h3><p data-start=\"591\" data-end=\"973\">Atomy Beautiful Centre (\u00ab nous \u00bb, \u00ab notre \u00bb ou \u00ab nos \u00bb) respecte votre vie priv\u00e9e et s&rsquo;engage \u00e0 prot\u00e9ger vos donn\u00e9es personnelles.<br data-start=\"709\" data-end=\"712\">Cette politique de confidentialit\u00e9 explique comment nous collectons, utilisons et prot\u00e9geons vos informations lorsque vous visitez notre site web h<a class=\"decorated-link\" href=\"https:\/\/atomybeautifulcentre.be\/fr\/\" target=\"_new\" rel=\"noopener\" data-start=\"820\" data-end=\"886\">ttps:\/\/atomybeautifulcentre.be,<\/a> prenez rendez-vous, vous abonnez \u00e0 notre newsletter ou nous contactez via les formulaires en ligne.<\/p><hr data-start=\"975\" data-end=\"978\"><h3 data-start=\"980\" data-end=\"1006\"><strong data-start=\"984\" data-end=\"1006\">2. Donn\u00e9es que nous collectons<\/strong><\/h3><p data-start=\"1008\" data-end=\"1061\">Nous collectons les cat\u00e9gories suivantes de donn\u00e9es personnelles :<\/p><h4 data-start=\"1063\" data-end=\"1110\"><strong data-start=\"1068\" data-end=\"1110\">a. Informations que tu fournis volontairement <\/strong><\/h4><p data-start=\"1111\" data-end=\"1120\">Lorsque tu :<\/p><ul data-start=\"1121\" data-end=\"1369\"><li data-start=\"1121\" data-end=\"1160\"><p data-start=\"1123\" data-end=\"1160\">R\u00e9serves un rendez-vous via <strong data-start=\"1147\" data-end=\"1157\">Amelia<\/strong>,<\/p><\/li><li data-start=\"1161\" data-end=\"1246\"><p data-start=\"1163\" data-end=\"1246\">Remplissez un <strong data-start=\"1174\" data-end=\"1190\">formulaire<\/strong> de contact ou inscrivez-vous \u00e0 la <strong data-start=\"1194\" data-end=\"1215\">newsletter<\/strong> (Elementor).<br data-start=\"1228\" data-end=\"1231\">Nous pouvons collecter :<\/p><\/li><li data-start=\"1247\" data-end=\"1260\"><p data-start=\"1249\" data-end=\"1260\">Ton nom<\/p><\/li><li data-start=\"1261\" data-end=\"1278\"><p data-start=\"1263\" data-end=\"1278\">Ton adresse e-mail<\/p><\/li><li data-start=\"1279\" data-end=\"1295\"><p data-start=\"1281\" data-end=\"1295\">Ton num\u00e9ro de t\u00e9l\u00e9phone<\/p><\/li><li data-start=\"1296\" data-end=\"1338\"><p data-start=\"1298\" data-end=\"1338\">Les d\u00e9tails de ton message ou tes informations de r\u00e9servation<\/p><\/li><li data-start=\"1339\" data-end=\"1369\"><p data-start=\"1341\" data-end=\"1369\">Ton cr\u00e9neau de rendez-vous pr\u00e9f\u00e9r\u00e9<\/p><\/li><\/ul><h4 data-start=\"1371\" data-end=\"1418\"><strong data-start=\"1376\" data-end=\"1418\">b. Informations collect\u00e9es automatiquement <\/strong><\/h4><p data-start=\"1419\" data-end=\"1496\">Gr\u00e2ce au <strong data-start=\"1427\" data-end=\"1455\">consentement aux cookies Complianz<\/strong> et nos outils d&rsquo;analyse, nous pouvons collecter :<\/p><ul data-start=\"1497\" data-end=\"1617\"><li data-start=\"1497\" data-end=\"1535\"><p data-start=\"1499\" data-end=\"1535\">Ton adresse IP et les informations de ton navigateur<\/p><\/li><li data-start=\"1536\" data-end=\"1572\"><p data-start=\"1538\" data-end=\"1572\">Le type d&rsquo;appareil et le syst\u00e8me d&rsquo;exploitation<\/p><\/li><li data-start=\"1573\" data-end=\"1617\"><p data-start=\"1575\" data-end=\"1617\">Les pages visit\u00e9es et le temps pass\u00e9 sur le site<\/p><\/li><\/ul><p data-start=\"1619\" data-end=\"1773\">Les cookies sont utilis\u00e9s pour am\u00e9liorer l&rsquo;exp\u00e9rience utilisateur, suivre les performances et m\u00e9moriser les pr\u00e9f\u00e9rences. Tu peux g\u00e9rer ou d\u00e9sactiver les cookies via les param\u00e8tres de ton navigateur. <\/p><hr data-start=\"1775\" data-end=\"1778\"><h3 data-start=\"1780\" data-end=\"1811\"><strong data-start=\"1784\" data-end=\"1811\">3. Comment nous utilisons tes donn\u00e9es<\/strong><\/h3><p data-start=\"1812\" data-end=\"1869\">Nous traitons tes donn\u00e9es personnelles aux fins suivantes :<\/p><ul data-start=\"1870\" data-end=\"2136\"><li data-start=\"1870\" data-end=\"1926\"><p data-start=\"1872\" data-end=\"1926\">Pour r\u00e9pondre \u00e0 tes demandes ou demandes de rendez-vous<\/p><\/li><li data-start=\"1927\" data-end=\"1974\"><p data-start=\"1929\" data-end=\"1974\">Pour g\u00e9rer les r\u00e9servations et la communication client<\/p><\/li><li data-start=\"1975\" data-end=\"2030\"><p data-start=\"1977\" data-end=\"2030\">Pour envoyer des mises \u00e0 jour ou des newsletters (uniquement si tu acceptes)<\/p><\/li><li data-start=\"2031\" data-end=\"2070\"><p data-start=\"2033\" data-end=\"2070\">Pour am\u00e9liorer notre site web et nos services<\/p><\/li><li data-start=\"2071\" data-end=\"2136\"><p data-start=\"2073\" data-end=\"2136\">Pour respecter nos obligations l\u00e9gales (ex. comptabilit\u00e9, facturation)<\/p><\/li><\/ul><p data-start=\"2138\" data-end=\"2196\">Nous ne vendons ni ne louons jamais tes donn\u00e9es personnelles \u00e0 des tiers.<\/p><hr data-start=\"2198\" data-end=\"2201\"><h3 data-start=\"2203\" data-end=\"2240\"><strong data-start=\"2207\" data-end=\"2240\">4. Base l\u00e9gale du traitement<\/strong><\/h3><p data-start=\"2241\" data-end=\"2271\">Nous traitons tes donn\u00e9es sur la base de :<\/p><ul data-start=\"2272\" data-end=\"2477\"><li data-start=\"2272\" data-end=\"2319\"><p data-start=\"2274\" data-end=\"2319\"><strong data-start=\"2274\" data-end=\"2285\">Consentement<\/strong> (ex. abonnements \u00e0 la newsletter)<\/p><\/li><li data-start=\"2320\" data-end=\"2377\"><p data-start=\"2322\" data-end=\"2377\"><strong data-start=\"2322\" data-end=\"2347\">N\u00e9cessit\u00e9 contractuelle<\/strong> (ex. confirmation de r\u00e9servation)<\/p><\/li><li data-start=\"2378\" data-end=\"2432\"><p data-start=\"2380\" data-end=\"2432\"><strong data-start=\"2380\" data-end=\"2403\">Int\u00e9r\u00eat l\u00e9gitime<\/strong> (ex. am\u00e9lioration du site web)<\/p><\/li><li data-start=\"2433\" data-end=\"2477\"><p data-start=\"2435\" data-end=\"2477\"><strong data-start=\"2435\" data-end=\"2455\">Obligation l\u00e9gale<\/strong> (ex. tenue de registres)<\/p><\/li><\/ul><hr data-start=\"2479\" data-end=\"2482\"><h3 data-start=\"2484\" data-end=\"2519\"><strong data-start=\"2488\" data-end=\"2519\">5. Stockage et conservation des donn\u00e9es<\/strong><\/h3><p data-start=\"2520\" data-end=\"2651\">Tes donn\u00e9es sont stock\u00e9es de mani\u00e8re s\u00e9curis\u00e9e et ne sont conserv\u00e9es que le temps n\u00e9cessaire aux fins \u00e9nonc\u00e9es ci-dessus, ou selon les exigences de la loi belge.<\/p><ul data-start=\"2652\" data-end=\"2824\"><li data-start=\"2652\" data-end=\"2724\"><p data-start=\"2654\" data-end=\"2724\">Donn\u00e9es de r\u00e9servation : conserv\u00e9es jusqu&rsquo;\u00e0 <strong data-start=\"2683\" data-end=\"2694\">3 ans<\/strong> apr\u00e8s ton dernier rendez-vous<\/p><\/li><li data-start=\"2725\" data-end=\"2772\"><p data-start=\"2727\" data-end=\"2772\">Donn\u00e9es de newsletter : conserv\u00e9es jusqu&rsquo;\u00e0 ce que tu te d\u00e9sabonnes<\/p><\/li><li data-start=\"2773\" data-end=\"2824\"><p data-start=\"2775\" data-end=\"2824\">Messages de formulaire de contact : supprim\u00e9s apr\u00e8s <strong data-start=\"2812\" data-end=\"2824\">6 mois<\/strong><\/p><\/li><\/ul><hr data-start=\"2826\" data-end=\"2829\"><h3 data-start=\"2831\" data-end=\"2862\"><strong data-start=\"2835\" data-end=\"2862\">6. Services tiers<\/strong><\/h3><p data-start=\"2863\" data-end=\"2972\">Nous pouvons partager des donn\u00e9es limit\u00e9es avec des tiers de confiance qui nous aident \u00e0 faire fonctionner le site web et les services, notamment :<\/p><ul data-start=\"2973\" data-end=\"3224\"><li data-start=\"2973\" data-end=\"3029\"><p data-start=\"2975\" data-end=\"3029\"><strong data-start=\"2975\" data-end=\"3002\">Amelia (syst\u00e8me de r\u00e9servation)<\/strong> \u2013 planification de rendez-vous<\/p><\/li><li data-start=\"3030\" data-end=\"3089\"><p data-start=\"3032\" data-end=\"3089\"><strong data-start=\"3032\" data-end=\"3061\">Elementor (formulaires de contact)<\/strong> \u2013 soumissions de formulaires s\u00e9curis\u00e9es<\/p><\/li><li data-start=\"3030\" data-end=\"3089\"><p data-start=\"3032\" data-end=\"3089\">Tous les fournisseurs tiers respectent le <strong data-start=\"3268\" data-end=\"3276\">RGPD<\/strong> et garantissent des mesures de protection des donn\u00e9es appropri\u00e9es.<\/p><\/li><\/ul><hr data-start=\"3327\" data-end=\"3330\"><h3 data-start=\"3332\" data-end=\"3361\"><strong data-start=\"3336\" data-end=\"3361\">7. Tes droits (RGPD)<\/strong><\/h3><p data-start=\"3362\" data-end=\"3403\">En tant que personne concern\u00e9e, tu as le droit de :<\/p><ul data-start=\"3404\" data-end=\"3561\"><li data-start=\"3404\" data-end=\"3453\"><p data-start=\"3406\" data-end=\"3453\">Acc\u00e9der, corriger ou supprimer tes donn\u00e9es personnelles<\/p><\/li><li data-start=\"3454\" data-end=\"3486\"><p data-start=\"3456\" data-end=\"3486\">Retirer ton consentement \u00e0 tout moment<\/p><\/li><li data-start=\"3487\" data-end=\"3532\"><p data-start=\"3489\" data-end=\"3532\">T&rsquo;opposer au traitement \u00e0 des fins de marketing direct<\/p><\/li><li data-start=\"3533\" data-end=\"3561\"><p data-start=\"3535\" data-end=\"3561\">Demander la portabilit\u00e9 des donn\u00e9es<\/p><\/li><\/ul><p data-start=\"3563\" data-end=\"3672\">Tu peux exercer tes droits en nous envoyant un e-mail \u00e0 <strong data-start=\"3610\" data-end=\"3671\">[ins\u00e9rer l&rsquo;e-mail de contact, ex. <a class=\"decorated-link cursor-pointer\" rel=\"noopener\">info@atomybeautifulcentre.be<\/a>]<\/strong>.<\/p><p data-start=\"3674\" data-end=\"3894\">Si vous pensez que vos donn\u00e9es sont utilis\u00e9es \u00e0 mauvais escient, vous pouvez d\u00e9poser une plainte aupr\u00e8s de <strong data-start=\"3751\" data-end=\"3794\">l&rsquo;Autorit\u00e9 belge de protection des donn\u00e9es (GBA)<\/strong> :<br data-start=\"3795\" data-end=\"3798\"><a class=\"decorated-link cursor-pointer\" target=\"_new\" rel=\"noopener\" data-start=\"3798\" data-end=\"3894\">https:\/\/www.autoriteprotectiondonnees.be\/citoyen<\/a><\/p><hr data-start=\"3896\" data-end=\"3899\"><h3 data-start=\"3901\" data-end=\"3920\"><strong data-start=\"3905\" data-end=\"3920\">8. S\u00e9curit\u00e9<\/strong><\/h3><p data-start=\"3921\" data-end=\"4113\">Nous mettons en place des mesures techniques et organisationnelles appropri\u00e9es pour prot\u00e9ger tes donn\u00e9es contre l&rsquo;acc\u00e8s non autoris\u00e9, la perte ou l&rsquo;utilisation abusive. Notre site web utilise le chiffrement SSL et des configurations de plugins s\u00e9curis\u00e9es. <\/p><hr data-start=\"4115\" data-end=\"4118\"><h3 data-start=\"4120\" data-end=\"4153\"><strong data-start=\"4124\" data-end=\"4153\">9. Mises \u00e0 jour de cette politique<\/strong><\/h3><p data-start=\"4154\" data-end=\"4276\">Nous pouvons mettre \u00e0 jour cette Politique de Confidentialit\u00e9 de temps \u00e0 autre. Les modifications seront publi\u00e9es sur cette page avec une date d&rsquo;entr\u00e9e en vigueur r\u00e9vis\u00e9e. <\/p><hr data-start=\"4278\" data-end=\"4281\"><h3 data-start=\"4283\" data-end=\"4305\"><strong data-start=\"4287\" data-end=\"4305\">10. Nous contacter<\/strong><\/h3><p data-start=\"4306\" data-end=\"4471\">Si tu as des questions ou des demandes concernant cette Politique de Confidentialit\u00e9, contacte-nous \u00e0 :<\/p><p data-start=\"4306\" data-end=\"4471\"><br data-start=\"4381\" data-end=\"4384\"><strong data-start=\"4387\" data-end=\"4419\"><a class=\"decorated-link cursor-pointer\" rel=\"noopener\" data-start=\"4389\" data-end=\"4417\">info@atomybeautifulcentre.be<\/a><\/strong><\/p><p><strong><span class=\"elementor-icon-list-text\">+32 456 328 040<\/span><\/strong><\/p><p data-start=\"4306\" data-end=\"4471\">Atomy beautiful centre Overijse<\/p><p data-start=\"4306\" data-end=\"4471\">Duisburgsesteenweg 149A, 3090 Overijse<\/p>\t\t\t\t\t\t\t\t<\/div>\n\t\t\t\t\t<\/div>\n\t\t\t\t<\/div>\n\t\t\t\t<\/div>\n\t\t","protected":false},"excerpt":{"rendered":"<p>Date d&rsquo;entr\u00e9e en vigueur : 10\/10\/2025Site web : https:\/\/atomybeautifulcentre.bePropri\u00e9taire : Arjoyce DumortierLieu : Overijse, BelgiqueNum\u00e9ro d&rsquo;immatriculation : BE0772962514 1. Introduction Atomy Beautiful Centre (\u00ab nous \u00bb, \u00ab notre \u00bb ou \u00ab nos \u00bb) respecte votre vie priv\u00e9e et s&rsquo;engage \u00e0 prot\u00e9ger vos donn\u00e9es personnelles.Cette politique de confidentialit\u00e9 explique comment nous collectons, utilisons et prot\u00e9geons vos [&hellip;]<\/p>\n","protected":false},"author":1,"featured_media":0,"parent":0,"menu_order":0,"comment_status":"closed","ping_status":"closed","template":"","meta":{"_acf_changed":false,"footnotes":""},"class_list":["post-1353","page","type-page","status-publish","hentry"],"acf":[],"_links":{"self":[{"href":"https:\/\/atomybeautifulcentre.be\/fr\/wp-json\/wp\/v2\/pages\/1353","targetHints":{"allow":["GET"]}}],"collection":[{"href":"https:\/\/atomybeautifulcentre.be\/fr\/wp-json\/wp\/v2\/pages"}],"about":[{"href":"https:\/\/atomybeautifulcentre.be\/fr\/wp-json\/wp\/v2\/types\/page"}],"author":[{"embeddable":true,"href":"https:\/\/atomybeautifulcentre.be\/fr\/wp-json\/wp\/v2\/users\/1"}],"replies":[{"embeddable":true,"href":"https:\/\/atomybeautifulcentre.be\/fr\/wp-json\/wp\/v2\/comments?post=1353"}],"version-history":[{"count":2,"href":"https:\/\/atomybeautifulcentre.be\/fr\/wp-json\/wp\/v2\/pages\/1353\/revisions"}],"predecessor-version":[{"id":1816,"href":"https:\/\/atomybeautifulcentre.be\/fr\/wp-json\/wp\/v2\/pages\/1353\/revisions\/1816"}],"wp:attachment":[{"href":"https:\/\/atomybeautifulcentre.be\/fr\/wp-json\/wp\/v2\/media?parent=1353"}],"curies":[{"name":"wp","href":"https:\/\/api.w.org\/{rel}","templated":true}]}}