{"id":1052,"date":"2025-09-10T17:11:06","date_gmt":"2025-09-10T17:11:06","guid":{"rendered":"https:\/\/atomybeautifulcentre.be\/education\/"},"modified":"2025-10-13T19:32:30","modified_gmt":"2025-10-13T19:32:30","slug":"education","status":"publish","type":"page","link":"https:\/\/atomybeautifulcentre.be\/fr\/education\/","title":{"rendered":"\u00c9ducation"},"content":{"rendered":"\t\t<div data-elementor-type=\"wp-page\" data-elementor-id=\"1052\" class=\"elementor elementor-1052 elementor-92\" data-elementor-post-type=\"page\">\n\t\t\t\t\t\t<section class=\"elementor-section elementor-top-section elementor-element elementor-element-4f8513c7 elementor-section-boxed elementor-section-height-default elementor-section-height-default\" data-id=\"4f8513c7\" data-element_type=\"section\" data-settings=\"{&quot;background_background&quot;:&quot;classic&quot;}\">\n\t\t\t\t\t\t\t<div class=\"elementor-background-overlay\"><\/div>\n\t\t\t\t\t\t\t<div class=\"elementor-container elementor-column-gap-default\">\n\t\t\t\t\t<div class=\"elementor-column elementor-col-100 elementor-top-column elementor-element elementor-element-1a15cbec\" data-id=\"1a15cbec\" data-element_type=\"column\">\n\t\t\t<div class=\"elementor-widget-wrap elementor-element-populated\">\n\t\t\t\t\t\t<div class=\"elementor-element elementor-element-34575bfb elementor-widget elementor-widget-heading\" data-id=\"34575bfb\" data-element_type=\"widget\" data-widget_type=\"heading.default\">\n\t\t\t\t\t<h1 class=\"elementor-heading-title elementor-size-default\">Apprendre avec Atomy<\/h1>\t\t\t\t<\/div>\n\t\t\t\t\t<\/div>\n\t\t<\/div>\n\t\t\t\t\t<\/div>\n\t\t<\/section>\n\t\t\t\t<section class=\"elementor-section elementor-top-section elementor-element elementor-element-2c784a8b elementor-section-boxed elementor-section-height-default elementor-section-height-default\" data-id=\"2c784a8b\" data-element_type=\"section\" data-settings=\"{&quot;background_background&quot;:&quot;classic&quot;}\">\n\t\t\t\t\t\t<div class=\"elementor-container elementor-column-gap-default\">\n\t\t\t\t\t<div class=\"elementor-column elementor-col-100 elementor-top-column elementor-element elementor-element-866f141\" data-id=\"866f141\" data-element_type=\"column\">\n\t\t\t<div class=\"elementor-widget-wrap elementor-element-populated\">\n\t\t\t\t\t\t<div class=\"elementor-element elementor-element-6de009ea elementor-widget elementor-widget-heading\" data-id=\"6de009ea\" data-element_type=\"widget\" data-widget_type=\"heading.default\">\n\t\t\t\t\t<h2 class=\"elementor-heading-title elementor-size-default\">Guides pas \u00e0 pas sur les produits Atomy<\/h2>\t\t\t\t<\/div>\n\t\t\t\t<div class=\"elementor-element elementor-element-12b396e elementor-widget elementor-widget-text-editor\" data-id=\"12b396e\" data-element_type=\"widget\" data-widget_type=\"text-editor.default\">\n\t\t\t\t\t\t\t\t\t<p>Au Atomy Beautiful Centre Overijse, l&rsquo;apprentissage commence avec nos tutoriels.<br>Nous proposons des guides vid\u00e9o clairs, \u00e9tape par \u00e9tape, sur les produits Atomy, con\u00e7us pour vous donner des conseils pratiques, une connaissance des produits et la confiance n\u00e9cessaire pour utiliser et partager Atomy avec les autres.<\/p>\t\t\t\t\t\t\t\t<\/div>\n\t\t\t\t<div class=\"elementor-element elementor-element-5a320a7 elementor-grid-3 elementor-grid-tablet-2 elementor-grid-mobile-1 elementor-widget elementor-widget-loop-grid\" data-id=\"5a320a7\" data-element_type=\"widget\" data-settings=\"{&quot;template_id&quot;:1682,&quot;_skin&quot;:&quot;post&quot;,&quot;columns&quot;:&quot;3&quot;,&quot;columns_tablet&quot;:&quot;2&quot;,&quot;columns_mobile&quot;:&quot;1&quot;,&quot;edit_handle_selector&quot;:&quot;[data-elementor-type=\\&quot;loop-item\\&quot;]&quot;,&quot;row_gap&quot;:{&quot;unit&quot;:&quot;px&quot;,&quot;size&quot;:&quot;&quot;,&quot;sizes&quot;:[]},&quot;row_gap_tablet&quot;:{&quot;unit&quot;:&quot;px&quot;,&quot;size&quot;:&quot;&quot;,&quot;sizes&quot;:[]},&quot;row_gap_mobile&quot;:{&quot;unit&quot;:&quot;px&quot;,&quot;size&quot;:&quot;&quot;,&quot;sizes&quot;:[]}}\" data-widget_type=\"loop-grid.post\">\n\t\t\t\t<div class=\"elementor-widget-container\">\n\t\t\t\t\t\t\t<div class=\"elementor-loop-container elementor-grid\" role=\"list\">\n\t\t<style id=\"loop-1682\">.elementor-1682 .elementor-element.elementor-element-10118d1{--display:flex;--flex-direction:column;--container-widget-width:100%;--container-widget-height:initial;--container-widget-flex-grow:0;--container-widget-align-self:initial;--flex-wrap-mobile:wrap;--border-radius:15px 15px 15px 15px;box-shadow:4px 5px 16px 0px rgba(223, 223, 223, 0.45);--margin-top:0px;--margin-bottom:0px;--margin-left:0px;--margin-right:0px;--padding-top:0px;--padding-bottom:20px;--padding-left:0px;--padding-right:0px;}.elementor-1682 .elementor-element.elementor-element-10118d1:not(.elementor-motion-effects-element-type-background), .elementor-1682 .elementor-element.elementor-element-10118d1 > .elementor-motion-effects-container > .elementor-motion-effects-layer{background-color:var( --e-global-color-30e5369 );}.elementor-1682 .elementor-element.elementor-element-3f1ddb9{border-radius:15px 15px 15px 15px;}.elementor-1682 .elementor-element.elementor-element-3f1ddb9 .elementor-wrapper{--video-aspect-ratio:1.77777;}.elementor-1682 .elementor-element.elementor-element-1f8f305{--display:flex;--border-radius:15px 15px 15px 15px;--margin-top:0px;--margin-bottom:0px;--margin-left:0px;--margin-right:0px;--padding-top:10px;--padding-bottom:10px;--padding-left:10px;--padding-right:10px;}.elementor-1682 .elementor-element.elementor-element-9a65a21{text-align:center;font-family:\"Marcellus\", Sans-serif;font-size:1.2em;font-weight:500;}@media(max-width:1024px){.elementor-1682 .elementor-element.elementor-element-9a65a21{font-size:1rem;}}@media(max-width:767px){.elementor-1682 .elementor-element.elementor-element-9a65a21{font-size:1rem;}}<\/style>\t\t<div data-elementor-type=\"loop-item\" data-elementor-id=\"1682\" class=\"elementor elementor-1682 elementor-779 e-loop-item e-loop-item-770 post-770 yt-tutorial type-yt-tutorial status-publish hentry\" data-elementor-post-type=\"elementor_library\" data-custom-edit-handle=\"1\">\n\t\t\t<div class=\"elementor-element elementor-element-10118d1 e-flex e-con-boxed e-con e-parent\" data-id=\"10118d1\" data-element_type=\"container\" data-settings=\"{&quot;background_background&quot;:&quot;classic&quot;}\">\n\t\t\t\t\t<div class=\"e-con-inner\">\n\t\t<div class=\"elementor-element elementor-element-1f8f305 e-con-full e-flex e-con e-child\" data-id=\"1f8f305\" data-element_type=\"container\">\n\t\t\t\t<div class=\"elementor-element elementor-element-9a65a21 elementor-widget elementor-widget-text-editor\" data-id=\"9a65a21\" data-element_type=\"widget\" data-widget_type=\"text-editor.default\">\n\t\t\t\t\t\t\t\t\tATOMY 24K GOLD NIGHT MASK\t\t\t\t\t\t\t\t<\/div>\n\t\t\t\t<\/div>\n\t\t\t\t\t<\/div>\n\t\t\t\t<\/div>\n\t\t\t\t<\/div>\n\t\t\t\t<div data-elementor-type=\"loop-item\" data-elementor-id=\"1682\" class=\"elementor elementor-1682 elementor-779 e-loop-item e-loop-item-771 post-771 yt-tutorial type-yt-tutorial status-publish hentry\" data-elementor-post-type=\"elementor_library\" data-custom-edit-handle=\"1\">\n\t\t\t<div class=\"elementor-element elementor-element-10118d1 e-flex e-con-boxed e-con e-parent\" data-id=\"10118d1\" data-element_type=\"container\" data-settings=\"{&quot;background_background&quot;:&quot;classic&quot;}\">\n\t\t\t\t\t<div class=\"e-con-inner\">\n\t\t<div class=\"elementor-element elementor-element-1f8f305 e-con-full e-flex e-con e-child\" data-id=\"1f8f305\" data-element_type=\"container\">\n\t\t\t\t<div class=\"elementor-element elementor-element-9a65a21 elementor-widget elementor-widget-text-editor\" data-id=\"9a65a21\" data-element_type=\"widget\" data-widget_type=\"text-editor.default\">\n\t\t\t\t\t\t\t\t\tATOMY BIOTICS BY LOREDANA\t\t\t\t\t\t\t\t<\/div>\n\t\t\t\t<\/div>\n\t\t\t\t\t<\/div>\n\t\t\t\t<\/div>\n\t\t\t\t<\/div>\n\t\t\t\t<div data-elementor-type=\"loop-item\" data-elementor-id=\"1682\" class=\"elementor elementor-1682 elementor-779 e-loop-item e-loop-item-802 post-802 yt-tutorial type-yt-tutorial status-publish hentry\" data-elementor-post-type=\"elementor_library\" data-custom-edit-handle=\"1\">\n\t\t\t<div class=\"elementor-element elementor-element-10118d1 e-flex e-con-boxed e-con e-parent\" data-id=\"10118d1\" data-element_type=\"container\" data-settings=\"{&quot;background_background&quot;:&quot;classic&quot;}\">\n\t\t\t\t\t<div class=\"e-con-inner\">\n\t\t<div class=\"elementor-element elementor-element-1f8f305 e-con-full e-flex e-con e-child\" data-id=\"1f8f305\" data-element_type=\"container\">\n\t\t\t\t<div class=\"elementor-element elementor-element-9a65a21 elementor-widget elementor-widget-text-editor\" data-id=\"9a65a21\" data-element_type=\"widget\" data-widget_type=\"text-editor.default\">\n\t\t\t\t\t\t\t\t\tATOMY FOOT SCRUN AND CREAM\t\t\t\t\t\t\t\t<\/div>\n\t\t\t\t<\/div>\n\t\t\t\t\t<\/div>\n\t\t\t\t<\/div>\n\t\t\t\t<\/div>\n\t\t\t\t<div data-elementor-type=\"loop-item\" data-elementor-id=\"1682\" class=\"elementor elementor-1682 elementor-779 e-loop-item e-loop-item-804 post-804 yt-tutorial type-yt-tutorial status-publish hentry\" data-elementor-post-type=\"elementor_library\" data-custom-edit-handle=\"1\">\n\t\t\t<div class=\"elementor-element elementor-element-10118d1 e-flex e-con-boxed e-con e-parent\" data-id=\"10118d1\" data-element_type=\"container\" data-settings=\"{&quot;background_background&quot;:&quot;classic&quot;}\">\n\t\t\t\t\t<div class=\"e-con-inner\">\n\t\t<div class=\"elementor-element elementor-element-1f8f305 e-con-full e-flex e-con e-child\" data-id=\"1f8f305\" data-element_type=\"container\">\n\t\t\t\t<div class=\"elementor-element elementor-element-9a65a21 elementor-widget elementor-widget-text-editor\" data-id=\"9a65a21\" data-element_type=\"widget\" data-widget_type=\"text-editor.default\">\n\t\t\t\t\t\t\t\t\tATOMY MEDICOOK CERAMIC PAN SET\t\t\t\t\t\t\t\t<\/div>\n\t\t\t\t<\/div>\n\t\t\t\t\t<\/div>\n\t\t\t\t<\/div>\n\t\t\t\t<\/div>\n\t\t\t\t<div data-elementor-type=\"loop-item\" data-elementor-id=\"1682\" class=\"elementor elementor-1682 elementor-779 e-loop-item e-loop-item-808 post-808 yt-tutorial type-yt-tutorial status-publish hentry\" data-elementor-post-type=\"elementor_library\" data-custom-edit-handle=\"1\">\n\t\t\t<div class=\"elementor-element elementor-element-10118d1 e-flex e-con-boxed e-con e-parent\" data-id=\"10118d1\" data-element_type=\"container\" data-settings=\"{&quot;background_background&quot;:&quot;classic&quot;}\">\n\t\t\t\t\t<div class=\"e-con-inner\">\n\t\t<div class=\"elementor-element elementor-element-1f8f305 e-con-full e-flex e-con e-child\" data-id=\"1f8f305\" data-element_type=\"container\">\n\t\t\t\t<div class=\"elementor-element elementor-element-9a65a21 elementor-widget elementor-widget-text-editor\" data-id=\"9a65a21\" data-element_type=\"widget\" data-widget_type=\"text-editor.default\">\n\t\t\t\t\t\t\t\t\tATOMY HAND THERAPY\t\t\t\t\t\t\t\t<\/div>\n\t\t\t\t<\/div>\n\t\t\t\t\t<\/div>\n\t\t\t\t<\/div>\n\t\t\t\t<\/div>\n\t\t\t\t<div data-elementor-type=\"loop-item\" data-elementor-id=\"1682\" class=\"elementor elementor-1682 elementor-779 e-loop-item e-loop-item-1843 post-1843 yt-tutorial type-yt-tutorial status-publish hentry\" data-elementor-post-type=\"elementor_library\" data-custom-edit-handle=\"1\">\n\t\t\t<div class=\"elementor-element elementor-element-10118d1 e-flex e-con-boxed e-con e-parent\" data-id=\"10118d1\" data-element_type=\"container\" data-settings=\"{&quot;background_background&quot;:&quot;classic&quot;}\">\n\t\t\t\t\t<div class=\"e-con-inner\">\n\t\t<div class=\"elementor-element elementor-element-1f8f305 e-con-full e-flex e-con e-child\" data-id=\"1f8f305\" data-element_type=\"container\">\n\t\t\t\t<div class=\"elementor-element elementor-element-9a65a21 elementor-widget elementor-widget-text-editor\" data-id=\"9a65a21\" data-element_type=\"widget\" data-widget_type=\"text-editor.default\">\n\t\t\t\t\t\t\t\t\tATOMY EXTRA VIRGIN 100% AVOCADO OIL\t\t\t\t\t\t\t\t<\/div>\n\t\t\t\t<\/div>\n\t\t\t\t\t<\/div>\n\t\t\t\t<\/div>\n\t\t\t\t<\/div>\n\t\t\t\t<\/div>\n\t\t\n\t\t\t\t\t\t<\/div>\n\t\t\t\t<\/div>\n\t\t\t\t<div class=\"elementor-element elementor-element-9248aa9 elementor-widget__width-auto animated-slow elementor-align-center elementor-widget elementor-widget-button\" data-id=\"9248aa9\" data-element_type=\"widget\" data-settings=\"{&quot;_animation&quot;:&quot;none&quot;,&quot;_animation_delay&quot;:900}\" data-widget_type=\"button.default\">\n\t\t\t\t\t\t\t\t\t\t<a class=\"elementor-button elementor-button-link elementor-size-sm elementor-animation-grow\" href=\"https:\/\/www.youtube.com\/playlist?list=PLzsm4pftahCYgYHHy3Czxpxd7zI2-OqqF&#038;si=W7z0Q1eOH9OAWUIO\" target=\"_blank\">\n\t\t\t\t\t\t<span class=\"elementor-button-content-wrapper\">\n\t\t\t\t\t\t<span class=\"elementor-button-icon\">\n\t\t\t\t<svg aria-hidden=\"true\" class=\"e-font-icon-svg e-fas-external-link-alt\" viewBox=\"0 0 512 512\" xmlns=\"http:\/\/www.w3.org\/2000\/svg\"><path d=\"M432,320H400a16,16,0,0,0-16,16V448H64V128H208a16,16,0,0,0,16-16V80a16,16,0,0,0-16-16H48A48,48,0,0,0,0,112V464a48,48,0,0,0,48,48H400a48,48,0,0,0,48-48V336A16,16,0,0,0,432,320ZM488,0h-128c-21.37,0-32.05,25.91-17,41l35.73,35.73L135,320.37a24,24,0,0,0,0,34L157.67,377a24,24,0,0,0,34,0L435.28,133.32,471,169c15,15,41,4.5,41-17V24A24,24,0,0,0,488,0Z\"><\/path><\/svg>\t\t\t<\/span>\n\t\t\t\t\t\t\t\t\t<span class=\"elementor-button-text\">Regarder plus de tutoriels<\/span>\n\t\t\t\t\t<\/span>\n\t\t\t\t\t<\/a>\n\t\t\t\t\t\t\t\t<\/div>\n\t\t\t\t\t<\/div>\n\t\t<\/div>\n\t\t\t\t\t<\/div>\n\t\t<\/section>\n\t\t\t\t<section class=\"elementor-section elementor-top-section elementor-element elementor-element-6203ea7 elementor-section-boxed elementor-section-height-default elementor-section-height-default\" data-id=\"6203ea7\" data-element_type=\"section\" data-settings=\"{&quot;background_background&quot;:&quot;classic&quot;}\">\n\t\t\t\t\t\t<div class=\"elementor-container elementor-column-gap-default\">\n\t\t\t\t\t<div class=\"elementor-column elementor-col-50 elementor-top-column elementor-element elementor-element-706515d\" data-id=\"706515d\" data-element_type=\"column\">\n\t\t\t<div class=\"elementor-widget-wrap elementor-element-populated\">\n\t\t\t\t\t\t<div class=\"elementor-element elementor-element-5ee7749 animated-slow elementor-invisible elementor-widget elementor-widget-heading\" data-id=\"5ee7749\" data-element_type=\"widget\" data-settings=\"{&quot;_animation&quot;:&quot;fadeInLeft&quot;}\" data-widget_type=\"heading.default\">\n\t\t\t\t\t<h2 class=\"elementor-heading-title elementor-size-default\">Rejoins notre r\u00e9union hebdomadaire<br>\n  <strong>Zoom<\/strong>\n<\/h2>\t\t\t\t<\/div>\n\t\t\t\t\t<\/div>\n\t\t<\/div>\n\t\t\t\t<div class=\"elementor-column elementor-col-50 elementor-top-column elementor-element elementor-element-e267259 animated-slow elementor-invisible\" data-id=\"e267259\" data-element_type=\"column\" data-settings=\"{&quot;animation&quot;:&quot;fadeInRight&quot;}\">\n\t\t\t<div class=\"elementor-widget-wrap elementor-element-populated\">\n\t\t\t\t\t\t<div class=\"elementor-element elementor-element-9f16e44 elementor-widget elementor-widget-text-editor\" data-id=\"9f16e44\" data-element_type=\"widget\" data-widget_type=\"text-editor.default\">\n\t\t\t\t\t\t\t\t\t<strong>Les mardis \u00e0 21h00<\/strong> (Europe\/Bruxelles)\nRejoins-nous pour une session Zoom conviviale et informative o\u00f9 nous parlons des produits, du syst\u00e8me, de la motivation et terminons par une session de questions-r\u00e9ponses.\n<br>\n  <br>ID de r\u00e9union : 892 4581 6311\n\t\t\t\t\t\t\t\t<\/div>\n\t\t<div class=\"elementor-element elementor-element-fbf3cb0 e-flex e-con-boxed e-con e-parent\" data-id=\"fbf3cb0\" data-element_type=\"container\">\n\t\t\t\t\t<div class=\"e-con-inner\">\n\t\t\t\t<div class=\"elementor-element elementor-element-25b0fa8 elementor-mobile-align-center elementor-widget elementor-widget-button\" data-id=\"25b0fa8\" data-element_type=\"widget\" data-widget_type=\"button.default\">\n\t\t\t\t\t\t\t\t\t\t<a class=\"elementor-button elementor-button-link elementor-size-sm elementor-animation-grow\" href=\"https:\/\/us02web.zoom.us\/j\/89245816311?pwd=aVNDclV4OXNSZE1Vb043Wlc5dENYUT09\">\n\t\t\t\t\t\t<span class=\"elementor-button-content-wrapper\">\n\t\t\t\t\t\t<span class=\"elementor-button-icon\">\n\t\t\t\t<svg aria-hidden=\"true\" class=\"e-font-icon-svg e-fas-external-link-alt\" viewBox=\"0 0 512 512\" xmlns=\"http:\/\/www.w3.org\/2000\/svg\"><path d=\"M432,320H400a16,16,0,0,0-16,16V448H64V128H208a16,16,0,0,0,16-16V80a16,16,0,0,0-16-16H48A48,48,0,0,0,0,112V464a48,48,0,0,0,48,48H400a48,48,0,0,0,48-48V336A16,16,0,0,0,432,320ZM488,0h-128c-21.37,0-32.05,25.91-17,41l35.73,35.73L135,320.37a24,24,0,0,0,0,34L157.67,377a24,24,0,0,0,34,0L435.28,133.32,471,169c15,15,41,4.5,41-17V24A24,24,0,0,0,488,0Z\"><\/path><\/svg>\t\t\t<\/span>\n\t\t\t\t\t\t\t\t\t<span class=\"elementor-button-text\">Rejoindre la r\u00e9union Zoom <\/span>\n\t\t\t\t\t<\/span>\n\t\t\t\t\t<\/a>\n\t\t\t\t\t\t\t\t<\/div>\n\t\t\t\t<div class=\"elementor-element elementor-element-2c527be elementor-mobile-align-center elementor-widget elementor-widget-button\" data-id=\"2c527be\" data-element_type=\"widget\" data-widget_type=\"button.default\">\n\t\t\t\t\t\t\t\t\t\t<a class=\"elementor-button elementor-size-sm\" role=\"button\">\n\t\t\t\t\t\t<span class=\"elementor-button-content-wrapper\">\n\t\t\t\t\t\t\t\t\t<span class=\"elementor-button-text\">Code secret : WEEKLY<\/span>\n\t\t\t\t\t<\/span>\n\t\t\t\t\t<\/a>\n\t\t\t\t\t\t\t\t<\/div>\n\t\t\t\t\t<\/div>\n\t\t\t\t<\/div>\n\t\t\t\t\t<\/div>\n\t\t<\/div>\n\t\t\t\t\t<\/div>\n\t\t<\/section>\n\t\t<div class=\"elementor-element elementor-element-d2ca88f e-con-full e-flex e-con e-parent\" data-id=\"d2ca88f\" data-element_type=\"container\">\n\t\t\t\t<div class=\"elementor-element elementor-element-470e5b8 elementor-widget elementor-widget-google_maps\" data-id=\"470e5b8\" data-element_type=\"widget\" data-widget_type=\"google_maps.default\">\n\t\t\t\t\t\t\t<div class=\"elementor-custom-embed\">\n\t\t\t<iframe loading=\"lazy\"\n\t\t\t\t\tsrc=\"https:\/\/maps.google.com\/maps?q=Duisburgsesteenweg%20149A%2C%203090%20Overijse&#038;t=m&#038;z=16&#038;output=embed&#038;iwloc=near\"\n\t\t\t\t\ttitle=\"Duisburgsesteenweg 149A, 3090 Overijse\"\n\t\t\t\t\taria-label=\"Duisburgsesteenweg 149A, 3090 Overijse\"\n\t\t\t><\/iframe>\n\t\t<\/div>\n\t\t\t\t\t\t<\/div>\n\t\t\t\t<\/div>\n\t\t\t\t<\/div>\n\t\t","protected":false},"excerpt":{"rendered":"<p>Apprendre avec Atomy Guides pas \u00e0 pas sur les produits Atomy Au Atomy Beautiful Centre Overijse, l&rsquo;apprentissage commence avec nos tutoriels.Nous proposons des guides vid\u00e9o clairs, \u00e9tape par \u00e9tape, sur les produits Atomy, con\u00e7us pour vous donner des conseils pratiques, une connaissance des produits et la confiance n\u00e9cessaire pour utiliser et partager Atomy avec les [&hellip;]<\/p>\n","protected":false},"author":1,"featured_media":0,"parent":0,"menu_order":0,"comment_status":"closed","ping_status":"closed","template":"elementor_header_footer","meta":{"_acf_changed":false,"footnotes":""},"class_list":["post-1052","page","type-page","status-publish","hentry"],"acf":[],"_links":{"self":[{"href":"https:\/\/atomybeautifulcentre.be\/fr\/wp-json\/wp\/v2\/pages\/1052","targetHints":{"allow":["GET"]}}],"collection":[{"href":"https:\/\/atomybeautifulcentre.be\/fr\/wp-json\/wp\/v2\/pages"}],"about":[{"href":"https:\/\/atomybeautifulcentre.be\/fr\/wp-json\/wp\/v2\/types\/page"}],"author":[{"embeddable":true,"href":"https:\/\/atomybeautifulcentre.be\/fr\/wp-json\/wp\/v2\/users\/1"}],"replies":[{"embeddable":true,"href":"https:\/\/atomybeautifulcentre.be\/fr\/wp-json\/wp\/v2\/comments?post=1052"}],"version-history":[{"count":6,"href":"https:\/\/atomybeautifulcentre.be\/fr\/wp-json\/wp\/v2\/pages\/1052\/revisions"}],"predecessor-version":[{"id":1446,"href":"https:\/\/atomybeautifulcentre.be\/fr\/wp-json\/wp\/v2\/pages\/1052\/revisions\/1446"}],"wp:attachment":[{"href":"https:\/\/atomybeautifulcentre.be\/fr\/wp-json\/wp\/v2\/media?parent=1052"}],"curies":[{"name":"wp","href":"https:\/\/api.w.org\/{rel}","templated":true}]}}